{"id":8439,"date":"2022-04-19T15:17:53","date_gmt":"2022-04-19T14:17:53","guid":{"rendered":"http:\/\/zaffy.it\/?post_type=product&#038;p=8439"},"modified":"2023-05-22T07:51:00","modified_gmt":"2023-05-22T06:51:00","slug":"zaffy-zafferano-biologico","status":"publish","type":"product","link":"https:\/\/zaffy.it\/en\/zaffy-zafferano-biologico\/","title":{"rendered":"Zaffy Bio &#8211; Zafferano da agricoltura Biologica al 100 %"},"content":{"rendered":"\t\t<div data-elementor-type=\"product-post\" data-elementor-id=\"8439\" class=\"elementor elementor-8439\" data-elementor-post-type=\"product\">\n\t\t\t\t\t\t<section class=\"elementor-section elementor-top-section elementor-element elementor-element-2f8d140b elementor-section-boxed elementor-section-height-default elementor-section-height-default\" data-id=\"2f8d140b\" data-element_type=\"section\" data-e-type=\"section\">\n\t\t\t\t\t\t<div class=\"elementor-container elementor-column-gap-default\">\n\t\t\t\t\t<div class=\"elementor-column elementor-col-100 elementor-top-column elementor-element elementor-element-1922a378\" data-id=\"1922a378\" data-element_type=\"column\" data-e-type=\"column\">\n\t\t\t<div class=\"elementor-widget-wrap elementor-element-populated\">\n\t\t\t\t\t\t<div class=\"elementor-element elementor-element-22b66410 elementor-widget elementor-widget-heading\" data-id=\"22b66410\" data-element_type=\"widget\" data-e-type=\"widget\" data-widget_type=\"heading.default\">\n\t\t\t\t<div class=\"elementor-widget-container\">\n\t\t\t\t\t<h2 class=\"elementor-heading-title elementor-size-default\">Zafferano Bio in polvere <\/h2>\t\t\t\t<\/div>\n\t\t\t\t<\/div>\n\t\t\t\t<div class=\"elementor-element elementor-element-5c1fb9af elementor-widget elementor-widget-text-editor\" data-id=\"5c1fb9af\" data-element_type=\"widget\" data-e-type=\"widget\" data-widget_type=\"text-editor.default\">\n\t\t\t\t<div class=\"elementor-widget-container\">\n\t\t\t\t\t\t\t\t\tUtilizzo: Per preparati dolci e salati\nProvenienza: Lavorato in Italia\nConservare in luogo fresco e asciutto\t\t\t\t\t\t\t\t<\/div>\n\t\t\t\t<\/div>\n\t\t\t\t\t<\/div>\n\t\t<\/div>\n\t\t\t\t\t<\/div>\n\t\t<\/section>\n\t\t\t\t<section class=\"elementor-section elementor-top-section elementor-element elementor-element-45df4ff3 elementor-section-boxed elementor-section-height-default elementor-section-height-default\" data-id=\"45df4ff3\" data-element_type=\"section\" data-e-type=\"section\">\n\t\t\t\t\t\t<div class=\"elementor-container elementor-column-gap-default\">\n\t\t\t\t\t<div class=\"elementor-column elementor-col-100 elementor-top-column elementor-element elementor-element-54bd39e8\" data-id=\"54bd39e8\" data-element_type=\"column\" data-e-type=\"column\">\n\t\t\t<div class=\"elementor-widget-wrap elementor-element-populated\">\n\t\t\t\t\t\t<div class=\"elementor-element elementor-element-5a35c329 elementor-widget elementor-widget-heading\" data-id=\"5a35c329\" data-element_type=\"widget\" data-e-type=\"widget\" data-widget_type=\"heading.default\">\n\t\t\t\t<div class=\"elementor-widget-container\">\n\t\t\t\t\t<h2 class=\"elementor-heading-title elementor-size-default\">Prodotto<\/h2>\t\t\t\t<\/div>\n\t\t\t\t<\/div>\n\t\t\t\t<div class=\"elementor-element elementor-element-3a3302ce elementor-widget elementor-widget-text-editor\" data-id=\"3a3302ce\" data-element_type=\"widget\" data-e-type=\"widget\" data-widget_type=\"text-editor.default\">\n\t\t\t\t<div class=\"elementor-widget-container\">\n\t\t\t\t\t\t\t\t\t<p>Zafferano Biologico in polvere ottenuto dai pistilli di &#8220;Crocus Sativus&#8221;<\/p><p>Proveniente da agricoltura biologica certificata.<\/p><p><em>Quantit\u00e0 consigliata 1 bustina per due persone<\/em><\/p>\t\t\t\t\t\t\t\t<\/div>\n\t\t\t\t<\/div>\n\t\t\t\t<div class=\"elementor-element elementor-element-19497065 elementor-widget elementor-widget-heading\" data-id=\"19497065\" data-element_type=\"widget\" data-e-type=\"widget\" data-widget_type=\"heading.default\">\n\t\t\t\t<div class=\"elementor-widget-container\">\n\t\t\t\t\t<h2 class=\"elementor-heading-title elementor-size-default\">Profilo sensoriale<\/h2>\t\t\t\t<\/div>\n\t\t\t\t<\/div>\n\t\t\t\t<div class=\"elementor-element elementor-element-51297c19 elementor-widget elementor-widget-text-editor\" data-id=\"51297c19\" data-element_type=\"widget\" data-e-type=\"widget\" data-widget_type=\"text-editor.default\">\n\t\t\t\t<div class=\"elementor-widget-container\">\n\t\t\t\t\t\t\t\t\tProfilo sensoriale\nSapore tipico, lievemente amaro; colore rosso scuro brillante; odore speziato e dolce, con note floreali e lieve tono tostato.\t\t\t\t\t\t\t\t<\/div>\n\t\t\t\t<\/div>\n\t\t\t\t<div class=\"elementor-element elementor-element-3e8fc02d elementor-widget elementor-widget-heading\" data-id=\"3e8fc02d\" data-element_type=\"widget\" data-e-type=\"widget\" data-widget_type=\"heading.default\">\n\t\t\t\t<div class=\"elementor-widget-container\">\n\t\t\t\t\t<h2 class=\"elementor-heading-title elementor-size-default\">Qualit\u00e0 controllata euFan<\/h2>\t\t\t\t<\/div>\n\t\t\t\t<\/div>\n\t\t\t\t<div class=\"elementor-element elementor-element-1c8c134c elementor-widget elementor-widget-text-editor\" data-id=\"1c8c134c\" data-element_type=\"widget\" data-e-type=\"widget\" data-widget_type=\"text-editor.default\">\n\t\t\t\t<div class=\"elementor-widget-container\">\n\t\t\t\t\t\t\t\t\t<p><span style=\"color: inherit; font-family: inherit; font-size: inherit; background-color: var(--et_container-bg-color,transparent);\">Zaffy sottopone il proprio prodotto ad una serie di codificati protocolli analitici prescritti da <b>euFan (Spin off Universita\u0300 di Pavia).\u00a0<\/b><\/span><\/p><p><span style=\"color: inherit; font-family: inherit; font-size: inherit; background-color: var(--et_container-bg-color,transparent);\">Ente di riferimento per la validazione dei dati analitici e la ricerca scientifica:\u00a0<\/span><\/p><p><span style=\"color: inherit; font-family: inherit; font-size: inherit; background-color: var(--et_container-bg-color,transparent);\">Laboratori di Ricerche Analitiche e Tecnologiche su Alimenti e Ambiente <b>\u00ad<\/b><\/span><strong><a href=\"https:\/\/www.unimi.it\/it\" target=\"_blank\" rel=\"noopener\">Universita\u0300 degli Studi di Milano<\/a><span style=\"color: inherit; font-family: inherit; font-size: inherit; background-color: var(--et_container-bg-color,transparent);\">.<\/span><\/strong><\/p><p><span style=\"color: inherit; font-family: inherit; font-size: inherit; background-color: var(--et_container-bg-color,transparent);\">www.eufan.it<\/span><\/p>\t\t\t\t\t\t\t\t<\/div>\n\t\t\t\t<\/div>\n\t\t\t\t<div class=\"elementor-element elementor-element-3cbadd61 elementor-widget elementor-widget-heading\" data-id=\"3cbadd61\" data-element_type=\"widget\" data-e-type=\"widget\" data-widget_type=\"heading.default\">\n\t\t\t\t<div class=\"elementor-widget-container\">\n\t\t\t\t\t<h2 class=\"elementor-heading-title elementor-size-default\">Curiosit\u00e0<\/h2>\t\t\t\t<\/div>\n\t\t\t\t<\/div>\n\t\t\t\t<div class=\"elementor-element elementor-element-1cbfbf1f elementor-widget elementor-widget-text-editor\" data-id=\"1cbfbf1f\" data-element_type=\"widget\" data-e-type=\"widget\" data-widget_type=\"text-editor.default\">\n\t\t\t\t<div class=\"elementor-widget-container\">\n\t\t\t\t\t\t\t\t\t<p>Lo zafferano in polvere, a differenzia di quello in pistilli, si conserva pi\u00f9 a lungo, si scioglie pi\u00f9 velocemente e in maniera pi\u00f9 uniforme, mantiene pi\u00f9 a lungo inalterate le sue propriet\u00e0 organolettiche.<\/p>\t\t\t\t\t\t\t\t<\/div>\n\t\t\t\t<\/div>\n\t\t\t\t\t<\/div>\n\t\t<\/div>\n\t\t\t\t\t<\/div>\n\t\t<\/section>\n\t\t\t\t<\/div>\n\t\t","protected":false},"excerpt":{"rendered":"<h3><strong>Zafferano Biologico &#8220;Zaffy Bio&#8221; \u2714\ufe0e proveniente da agricoltura biologica certificata lavorato in Italia<\/strong><\/h3>\n","protected":false},"featured_media":11140,"comment_status":"open","ping_status":"closed","template":"","meta":{"inline_featured_image":false},"etheme_brands":[{"term_id":22,"name":"Zaffy","slug":"zaffy-lo-zafferano","term_group":0,"term_taxonomy_id":22,"taxonomy":"brand","description":"","parent":0,"count":10,"filter":"raw"}],"product_brand":[],"product_cat":[206,205,23],"product_tag":[207,208,210,209,211],"class_list":{"0":"post-8439","1":"product","2":"type-product","3":"status-publish","4":"has-post-thumbnail","6":"brand-zaffy-lo-zafferano","7":"product_cat-zafferano-in-polvere","8":"product_cat-zaffy-zafferano-italiano-di-alta-qualita","9":"product_cat-zafferano-alta-qualita","10":"product_tag-zafferano","11":"product_tag-zafferano-alta-qualita","12":"product_tag-zafferano-biologico","13":"product_tag-zafferano-in-polvere","14":"product_tag-zaffy-bio","15":"pa_confezione-4-conf-da-2-buste","16":"pa_confezione-confezione-singola","18":"first","19":"instock","20":"taxable","21":"shipping-taxable","22":"purchasable","23":"product-type-variable","24":"has-default-attributes"},"_links":{"self":[{"href":"https:\/\/zaffy.it\/en\/wp-json\/wp\/v2\/product\/8439","targetHints":{"allow":["GET"]}}],"collection":[{"href":"https:\/\/zaffy.it\/en\/wp-json\/wp\/v2\/product"}],"about":[{"href":"https:\/\/zaffy.it\/en\/wp-json\/wp\/v2\/types\/product"}],"replies":[{"embeddable":true,"href":"https:\/\/zaffy.it\/en\/wp-json\/wp\/v2\/comments?post=8439"}],"version-history":[{"count":0,"href":"https:\/\/zaffy.it\/en\/wp-json\/wp\/v2\/product\/8439\/revisions"}],"wp:featuredmedia":[{"embeddable":true,"href":"https:\/\/zaffy.it\/en\/wp-json\/wp\/v2\/media\/11140"}],"wp:attachment":[{"href":"https:\/\/zaffy.it\/en\/wp-json\/wp\/v2\/media?parent=8439"}],"wp:term":[{"taxonomy":"brand","embeddable":true,"href":"https:\/\/zaffy.it\/en\/wp-json\/wp\/v2\/etheme_brands?post=8439"},{"taxonomy":"product_brand","embeddable":true,"href":"https:\/\/zaffy.it\/en\/wp-json\/wp\/v2\/product_brand?post=8439"},{"taxonomy":"product_cat","embeddable":true,"href":"https:\/\/zaffy.it\/en\/wp-json\/wp\/v2\/product_cat?post=8439"},{"taxonomy":"product_tag","embeddable":true,"href":"https:\/\/zaffy.it\/en\/wp-json\/wp\/v2\/product_tag?post=8439"}],"curies":[{"name":"wp","href":"https:\/\/api.w.org\/{rel}","templated":true}]}}