{"id":8453,"date":"2022-04-20T09:10:11","date_gmt":"2022-04-20T08:10:11","guid":{"rendered":"http:\/\/zaffy.it\/?post_type=product&#038;p=8453"},"modified":"2022-07-15T18:02:53","modified_gmt":"2022-07-15T17:02:53","slug":"zafferano-in-pistilli-filiera-lavorato-in-italia","status":"publish","type":"product","link":"https:\/\/zaffy.it\/en\/zafferano-in-pistilli-filiera-lavorato-in-italia\/","title":{"rendered":"Zaffy &#8211; Zafferano in pistilli filiera controllata"},"content":{"rendered":"\t\t<div data-elementor-type=\"product-post\" data-elementor-id=\"8453\" class=\"elementor elementor-8453\" data-elementor-post-type=\"product\">\n\t\t\t\t\t\t<section class=\"elementor-section elementor-top-section elementor-element elementor-element-7d987cfa elementor-section-boxed elementor-section-height-default elementor-section-height-default\" data-id=\"7d987cfa\" data-element_type=\"section\" data-e-type=\"section\">\n\t\t\t\t\t\t<div class=\"elementor-container elementor-column-gap-default\">\n\t\t\t\t\t<div class=\"elementor-column elementor-col-100 elementor-top-column elementor-element elementor-element-2d94f5ef\" data-id=\"2d94f5ef\" data-element_type=\"column\" data-e-type=\"column\">\n\t\t\t<div class=\"elementor-widget-wrap\">\n\t\t\t\t\t\t\t<\/div>\n\t\t<\/div>\n\t\t\t\t\t<\/div>\n\t\t<\/section>\n\t\t\t\t<section class=\"elementor-section elementor-top-section elementor-element elementor-element-77e5e6f3 elementor-section-boxed elementor-section-height-default elementor-section-height-default\" data-id=\"77e5e6f3\" data-element_type=\"section\" data-e-type=\"section\">\n\t\t\t\t\t\t<div class=\"elementor-container elementor-column-gap-default\">\n\t\t\t\t\t<div class=\"elementor-column elementor-col-100 elementor-top-column elementor-element elementor-element-30ee632a\" data-id=\"30ee632a\" data-element_type=\"column\" data-e-type=\"column\">\n\t\t\t<div class=\"elementor-widget-wrap elementor-element-populated\">\n\t\t\t\t\t\t<div class=\"elementor-element elementor-element-44a66ce3 elementor-widget elementor-widget-heading\" data-id=\"44a66ce3\" data-element_type=\"widget\" data-e-type=\"widget\" data-widget_type=\"heading.default\">\n\t\t\t\t<div class=\"elementor-widget-container\">\n\t\t\t\t\t<h2 class=\"elementor-heading-title elementor-size-default\">Prodotto<\/h2>\t\t\t\t<\/div>\n\t\t\t\t<\/div>\n\t\t\t\t<div class=\"elementor-element elementor-element-4d145d8a elementor-widget elementor-widget-text-editor\" data-id=\"4d145d8a\" data-element_type=\"widget\" data-e-type=\"widget\" data-widget_type=\"text-editor.default\">\n\t\t\t\t<div class=\"elementor-widget-container\">\n\t\t\t\t\t\t\t\t\t<p>Zafferano in pistilli da Krokos Kozanis<\/p>\t\t\t\t\t\t\t\t<\/div>\n\t\t\t\t<\/div>\n\t\t\t\t<div class=\"elementor-element elementor-element-73901852 elementor-widget elementor-widget-heading\" data-id=\"73901852\" data-element_type=\"widget\" data-e-type=\"widget\" data-widget_type=\"heading.default\">\n\t\t\t\t<div class=\"elementor-widget-container\">\n\t\t\t\t\t<h2 class=\"elementor-heading-title elementor-size-default\">Profilo sensoriale<\/h2>\t\t\t\t<\/div>\n\t\t\t\t<\/div>\n\t\t\t\t<div class=\"elementor-element elementor-element-7cef64e4 elementor-widget elementor-widget-text-editor\" data-id=\"7cef64e4\" data-element_type=\"widget\" data-e-type=\"widget\" data-widget_type=\"text-editor.default\">\n\t\t\t\t<div class=\"elementor-widget-container\">\n\t\t\t\t\t\t\t\t\tProfilo sensoriale\nSapore tipico, lievemente amaro; colore rosso scuro brillante; odore speziato e dolce, con note floreali e lieve tono tostato.\t\t\t\t\t\t\t\t<\/div>\n\t\t\t\t<\/div>\n\t\t\t\t<div class=\"elementor-element elementor-element-500c182d elementor-widget elementor-widget-heading\" data-id=\"500c182d\" data-element_type=\"widget\" data-e-type=\"widget\" data-widget_type=\"heading.default\">\n\t\t\t\t<div class=\"elementor-widget-container\">\n\t\t\t\t\t<h2 class=\"elementor-heading-title elementor-size-default\">Qualit\u00e0 controllata euFan<\/h2>\t\t\t\t<\/div>\n\t\t\t\t<\/div>\n\t\t\t\t<div class=\"elementor-element elementor-element-4713d456 elementor-widget elementor-widget-text-editor\" data-id=\"4713d456\" data-element_type=\"widget\" data-e-type=\"widget\" data-widget_type=\"text-editor.default\">\n\t\t\t\t<div class=\"elementor-widget-container\">\n\t\t\t\t\t\t\t\t\t<p><span style=\"color: inherit; font-family: inherit; font-size: inherit; background-color: var(--et_container-bg-color,transparent);\">Zaffy sottopone il proprio prodotto ad una serie di codificati protocolli analitici prescritti da <b>euFan (Spin off Universita\u0300 di Pavia).\u00a0<\/b><\/span><\/p><p><span style=\"color: inherit; font-family: inherit; font-size: inherit; background-color: var(--et_container-bg-color,transparent);\">Ente di riferimento per la validazione dei dati analitici e la ricerca scientifica:\u00a0<\/span><\/p><p><span style=\"color: inherit; font-family: inherit; font-size: inherit; background-color: var(--et_container-bg-color,transparent);\">Laboratori di Ricerche Analitiche e Tecnologiche su Alimenti e Ambiente <b>\u00adUniversita\u0300 degli Studi di Milano.<\/b><\/span><\/p><p><span style=\"color: inherit; font-family: inherit; font-size: inherit; background-color: var(--et_container-bg-color,transparent);\">www.eufan.it<\/span><\/p>\t\t\t\t\t\t\t\t<\/div>\n\t\t\t\t<\/div>\n\t\t\t\t<div class=\"elementor-element elementor-element-477bc9cf elementor-widget elementor-widget-text-editor\" data-id=\"477bc9cf\" data-element_type=\"widget\" data-e-type=\"widget\" data-widget_type=\"text-editor.default\">\n\t\t\t\t<div class=\"elementor-widget-container\">\n\t\t\t\t\t\t\t\t\t<p>Zafferano in pistilli gusto intenso selezione speciale.<\/p><p>Confezione <b>da 3 blister<\/b>\u00a00,200gr cad totale 0,600gr<\/p><p>Dosi consigliate per un Blister 3 persone<\/p><p><span style=\"color: inherit; font-family: inherit; font-size: inherit; background-color: var(--et_container-bg-color,transparent);\">Coltivato e raccolto a mano in Grecia da zafferano Krokos Kozanis, nella provincia di Kozani, un territorio dal clima ideale per la sua crescita, viene poi selezionato e lavorato in Italia seguendo rigidi protocolli.<\/span><\/p><p>Questa variet\u00e0 di zafferano gusto intenso, ha molte caratteristiche e si adatta a qualsiasi tipo di preparato, dolce o salato.<\/p><p><strong>Preparazione<\/strong><\/p><p>Lo zafferano in pistilli richiede una breve preparazione prima di essere usato nella ricetta.<\/p><p>Immergere i pistilli in\u00a0 acqua molto calda per circa 40 minuti per poi utilizzarli nella ricetta<\/p>\t\t\t\t\t\t\t\t<\/div>\n\t\t\t\t<\/div>\n\t\t\t\t<div class=\"elementor-element elementor-element-649831c4 elementor-widget elementor-widget-heading\" data-id=\"649831c4\" data-element_type=\"widget\" data-e-type=\"widget\" data-widget_type=\"heading.default\">\n\t\t\t\t<div class=\"elementor-widget-container\">\n\t\t\t\t\t<h2 class=\"elementor-heading-title elementor-size-default\">Curiosit\u00e0<\/h2>\t\t\t\t<\/div>\n\t\t\t\t<\/div>\n\t\t\t\t<div class=\"elementor-element elementor-element-6274397a elementor-widget elementor-widget-text-editor\" data-id=\"6274397a\" data-element_type=\"widget\" data-e-type=\"widget\" data-widget_type=\"text-editor.default\">\n\t\t\t\t<div class=\"elementor-widget-container\">\n\t\t\t\t\t\t\t\t\t<p>A differenza dello zafferano in polvere che si mette direttamente nella ricetta, quello <b>in <\/b><strong>stimmi\/pistilli<\/strong> richiede l\u2019infusione, basta lasciare lo<b>\u00a0zafferano in infusione<\/b> in acqua molto calda per circa 40 minuti, si pu\u00f2 fare in una tazzina di caff\u00e8 di acqua l&#8217;importante \u00e8 che i pistilli siano completamente immersi, possiamo coprire con un piattino. Si possono usare anche brodo o latte. Una volta fatta l\u2019infusione si versa tutto (anche gli stimmi\/pistilli) nella ricetta, possibilmente a fine cottura.\u00a0<\/p>\t\t\t\t\t\t\t\t<\/div>\n\t\t\t\t<\/div>\n\t\t\t\t\t<\/div>\n\t\t<\/div>\n\t\t\t\t\t<\/div>\n\t\t<\/section>\n\t\t\t\t<\/div>\n\t\t","protected":false},"excerpt":{"rendered":"<h3>Zaffy selezione speciale \u00e8 prodotto al 100% da zafferano Krokos Kozanis coltivato e raccolto da mani esperte in Grecia.<\/h3>\n","protected":false},"featured_media":11212,"comment_status":"open","ping_status":"closed","template":"","meta":{"inline_featured_image":false},"etheme_brands":[{"term_id":22,"name":"Zaffy","slug":"zaffy-lo-zafferano","term_group":0,"term_taxonomy_id":22,"taxonomy":"brand","description":"","parent":0,"count":10,"filter":"raw"}],"product_brand":[],"product_cat":[205,212],"product_tag":[207,208,213],"class_list":{"0":"post-8453","1":"product","2":"type-product","3":"status-publish","4":"has-post-thumbnail","6":"brand-zaffy-lo-zafferano","7":"product_cat-zaffy-zafferano-italiano-di-alta-qualita","8":"product_cat-zafferano-in-pistilli","9":"product_tag-zafferano","10":"product_tag-zafferano-alta-qualita","11":"product_tag-zafferano-in-pistilli","12":"pa_confezione-3-blister","13":"pa_confezione-confezione-singola","15":"first","16":"instock","17":"taxable","18":"shipping-taxable","19":"purchasable","20":"product-type-variable","21":"has-default-attributes"},"_links":{"self":[{"href":"https:\/\/zaffy.it\/en\/wp-json\/wp\/v2\/product\/8453","targetHints":{"allow":["GET"]}}],"collection":[{"href":"https:\/\/zaffy.it\/en\/wp-json\/wp\/v2\/product"}],"about":[{"href":"https:\/\/zaffy.it\/en\/wp-json\/wp\/v2\/types\/product"}],"replies":[{"embeddable":true,"href":"https:\/\/zaffy.it\/en\/wp-json\/wp\/v2\/comments?post=8453"}],"version-history":[{"count":0,"href":"https:\/\/zaffy.it\/en\/wp-json\/wp\/v2\/product\/8453\/revisions"}],"wp:featuredmedia":[{"embeddable":true,"href":"https:\/\/zaffy.it\/en\/wp-json\/wp\/v2\/media\/11212"}],"wp:attachment":[{"href":"https:\/\/zaffy.it\/en\/wp-json\/wp\/v2\/media?parent=8453"}],"wp:term":[{"taxonomy":"brand","embeddable":true,"href":"https:\/\/zaffy.it\/en\/wp-json\/wp\/v2\/etheme_brands?post=8453"},{"taxonomy":"product_brand","embeddable":true,"href":"https:\/\/zaffy.it\/en\/wp-json\/wp\/v2\/product_brand?post=8453"},{"taxonomy":"product_cat","embeddable":true,"href":"https:\/\/zaffy.it\/en\/wp-json\/wp\/v2\/product_cat?post=8453"},{"taxonomy":"product_tag","embeddable":true,"href":"https:\/\/zaffy.it\/en\/wp-json\/wp\/v2\/product_tag?post=8453"}],"curies":[{"name":"wp","href":"https:\/\/api.w.org\/{rel}","templated":true}]}}